{"id":32506,"date":"2021-10-25T14:29:04","date_gmt":"2021-10-25T12:29:04","guid":{"rendered":"https:\/\/dev.yogaflowzug.ch\/imprint\/"},"modified":"2021-10-25T14:29:04","modified_gmt":"2021-10-25T12:29:04","slug":"imprint","status":"publish","type":"page","link":"https:\/\/dev.yogaflowzug.ch\/en\/imprint\/","title":{"rendered":"Imprint"},"content":{"rendered":"\n<h2>Contact address<\/h2>\n<p>YogaFlowZug<br \/>\nTanja Wenger<br \/>\nM\u00fchlegasse 18h<br \/>\n6340 Baar<br \/>\nSchweiz<\/p>\n<p>info@yogaflowzug.ch<br \/>\n+41 79 756 55 16<\/p>\n\n<h2>Authorized representatives<\/h2>\n<p>Tanja Wenger<\/p>\n\n<p> <\/p>\n\n<h2>Disclaimer<\/h2>\n\n<p>The author assumes no responsibility for the correctness, accuracy, timeliness, reliability and completeness of the information. Liability claims regarding damage caused by the use of any information provided, including any kind of information which is incomplete or incorrect, will therefore be rejected. All offers are non-binding. The author expressly reserves the right to change, supplement or delete parts of the pages or the entire offer without prior notice or to cease publication temporarily or permanently.<\/p>\n\n<h2>Liability for links<\/h2>\n\n<p>References and links to third party websites are outside of our area of responsibility Any responsibility for such websites is declined. Access to and use of such websites is at the user&#8217;s own risk.<\/p>\n\n<h2>Copyrights<\/h2>\n<p>Die Urheber- und alle anderen Rechte an Inhalten, Bildern, Fotos oder anderen Dateien auf der Website geh\u00f6ren ausschliesslich der Firma YogaFlowZug oder den speziell genannten Rechtsinhabern. F\u00fcr die Reproduktion jeglicher Elemente ist die schriftliche Zustimmung der Urheberrechtstr\u00e4ger im Voraus einzuholen.<\/p>\n","protected":false},"excerpt":{"rendered":"<p>Contact address Authorized representatives Disclaimer The author assumes no responsibility for the correctness, accuracy, timeliness, reliability and completeness of the information. Liability claims regarding damage caused by the use of any information provided, including any kind of information which is incomplete or incorrect, will therefore be rejected. All offers are non-binding. The author expressly reserves [&hellip;]<\/p>\n","protected":false},"author":2,"featured_media":0,"parent":0,"menu_order":0,"comment_status":"closed","ping_status":"closed","template":"","meta":{"_et_pb_use_builder":"off","_et_pb_old_content":"","_et_gb_content_width":"","_links_to":"","_links_to_target":""},"_links":{"self":[{"href":"https:\/\/dev.yogaflowzug.ch\/en\/wp-json\/wp\/v2\/pages\/32506"}],"collection":[{"href":"https:\/\/dev.yogaflowzug.ch\/en\/wp-json\/wp\/v2\/pages"}],"about":[{"href":"https:\/\/dev.yogaflowzug.ch\/en\/wp-json\/wp\/v2\/types\/page"}],"author":[{"embeddable":true,"href":"https:\/\/dev.yogaflowzug.ch\/en\/wp-json\/wp\/v2\/users\/2"}],"replies":[{"embeddable":true,"href":"https:\/\/dev.yogaflowzug.ch\/en\/wp-json\/wp\/v2\/comments?post=32506"}],"version-history":[{"count":1,"href":"https:\/\/dev.yogaflowzug.ch\/en\/wp-json\/wp\/v2\/pages\/32506\/revisions"}],"predecessor-version":[{"id":32507,"href":"https:\/\/dev.yogaflowzug.ch\/en\/wp-json\/wp\/v2\/pages\/32506\/revisions\/32507"}],"wp:attachment":[{"href":"https:\/\/dev.yogaflowzug.ch\/en\/wp-json\/wp\/v2\/media?parent=32506"}],"curies":[{"name":"wp","href":"https:\/\/api.w.org\/{rel}","templated":true}]}}