{"id":33306,"date":"2021-09-14T17:03:24","date_gmt":"2021-09-14T15:03:24","guid":{"rendered":"https:\/\/dev.yogaflowzug.ch\/team\/"},"modified":"2021-11-02T13:31:40","modified_gmt":"2021-11-02T12:31:40","slug":"team","status":"publish","type":"page","link":"https:\/\/dev.yogaflowzug.ch\/en\/about-us\/team\/","title":{"rendered":"Team"},"content":{"rendered":"<p>[et_pb_section fb_built=&#8221;1&#8243; custom_padding_last_edited=&#8221;on|tablet&#8221; admin_label=&#8221;Header&#8221; _builder_version=&#8221;4.11.3&#8243; background_color=&#8221;gcid-5b4b9bf3-22b0-4264-afa7-df8efb0e14d8&#8243; background_enable_image=&#8221;off&#8221; background_size=&#8221;contain&#8221; background_position=&#8221;top_right&#8221; custom_padding=&#8221;100px||120px|||&#8221; custom_padding_tablet=&#8221;60px||||false|false&#8221; custom_padding_phone=&#8221;&#8221; locked=&#8221;off&#8221; global_colors_info=&#8221;{%22gcid-5b4b9bf3-22b0-4264-afa7-df8efb0e14d8%22:%91%22background_color%22%93}&#8221;][et_pb_row column_structure=&#8221;2_5,3_5&#8243; custom_padding_last_edited=&#8221;on|desktop&#8221; _builder_version=&#8221;4.10.8&#8243; background_color=&#8221;#ffffff&#8221; custom_padding=&#8221;30px|30px|30px|30px|true|true&#8221; custom_padding_tablet=&#8221;30px|20px|30px|20px|true|true&#8221; custom_padding_phone=&#8221;&#8221; global_colors_info=&#8221;{}&#8221;][et_pb_column type=&#8221;2_5&#8243; _builder_version=&#8221;4.4.1&#8243; global_colors_info=&#8221;{}&#8221;][et_pb_image src=&#8221;https:\/\/dev.yogaflowzug.ch\/wp-content\/uploads\/2021\/09\/team_yogaflowzug_5637.jpg&#8221; title_text=&#8221;team_yogaflowzug_5637&#8243; _builder_version=&#8221;4.11.3&#8243; max_height_tablet=&#8221;400px&#8221; max_height_phone=&#8221;&#8221; max_height_last_edited=&#8221;on|tablet&#8221; custom_margin=&#8221;50px||-5vw|-50px|false|false&#8221; custom_margin_tablet=&#8221;0px||0vw|0px|false|false&#8221; custom_margin_phone=&#8221;&#8221; custom_margin_last_edited=&#8221;on|tablet&#8221; global_colors_info=&#8221;{}&#8221;][\/et_pb_image][\/et_pb_column][et_pb_column type=&#8221;3_5&#8243; module_class=&#8221;btn-inline&#8221; _builder_version=&#8221;4.10.8&#8243; global_colors_info=&#8221;{}&#8221;][et_pb_text _builder_version=&#8221;4.11.3&#8243; _module_preset=&#8221;default&#8221; text_font=&#8221;|600|||||||&#8221; global_colors_info=&#8221;{}&#8221;]<\/p>\n<h1>Team<\/h1>\n<p><span>A lively, colorful team &#8211; we look forward to seeing you! <\/span><\/p>\n<p>[\/et_pb_text][\/et_pb_column][\/et_pb_row][\/et_pb_section][et_pb_section fb_built=&#8221;1&#8243; admin_label=&#8221;Header&#8221; _builder_version=&#8221;4.11.3&#8243; background_color=&#8221;gcid-5b4b9bf3-22b0-4264-afa7-df8efb0e14d8&#8243; background_image=&#8221;https:\/\/dev.yogaflowzug.ch\/wp-content\/uploads\/2021\/09\/yoga-instrcutor_46.png&#8221; background_size=&#8221;initial&#8221; background_position=&#8221;bottom_right&#8221; custom_padding=&#8221;||0px||false|false&#8221; global_colors_info=&#8221;{%22gcid-5b4b9bf3-22b0-4264-afa7-df8efb0e14d8%22:%91%22background_color%22%93}&#8221;][et_pb_row column_structure=&#8221;1_3,1_3,1_3&#8243; make_equal=&#8221;on&#8221; _builder_version=&#8221;4.11.3&#8243; _module_preset=&#8221;default&#8221; min_height_last_edited=&#8221;off|desktop&#8221; custom_margin=&#8221;||60px||false|false&#8221; custom_margin_tablet=&#8221;&#8221; custom_margin_phone=&#8221;||32px||false|false&#8221; custom_margin_last_edited=&#8221;on|phone&#8221; global_colors_info=&#8221;{}&#8221;][et_pb_column type=&#8221;1_3&#8243; _builder_version=&#8221;4.11.3&#8243; _module_preset=&#8221;default&#8221; global_colors_info=&#8221;{}&#8221;][et_pb_team_member name=&#8221;Tanja Wenger&#8221; position=&#8221;owner of Yogaflowzug&#8221; image_url=&#8221;https:\/\/dev.yogaflowzug.ch\/wp-content\/uploads\/2021\/09\/tanja_wenger_yogaflowzug_5692.jpg&#8221; _builder_version=&#8221;4.11.3&#8243; _module_preset=&#8221;default&#8221; custom_margin=&#8221;||30px||false|false&#8221; custom_css_member_position=&#8221;font-family: var(&#8211;heading-font);||margin-bottom: 45px;&#8221; global_colors_info=&#8221;{}&#8221;]<\/p>\n<p>For me, Yoga means to harmonize body, mind and soul. Yoga supports my joy of movement and still lets me pause regularly. Yoga fills me with colour and energy, be it on the mat or in daily life!<\/p>\n<p>[\/et_pb_team_member][et_pb_image src=&#8221;https:\/\/dev.yogaflowzug.ch\/wp-content\/uploads\/2021\/10\/YCH_LABEL_Therapist.svg&#8221; title_text=&#8221;YCH_LABEL_Therapist&#8221; _builder_version=&#8221;4.11.3&#8243; _module_preset=&#8221;7487a572-548e-4174-adf7-090d040aaa7f&#8221; global_colors_info=&#8221;{}&#8221;][\/et_pb_image][et_pb_image src=&#8221;https:\/\/dev.yogaflowzug.ch\/wp-content\/uploads\/2021\/10\/YCH_LABEL_Teacher.svg&#8221; title_text=&#8221;YCH_LABEL_Teacher&#8221; _builder_version=&#8221;4.11.3&#8243; _module_preset=&#8221;7487a572-548e-4174-adf7-090d040aaa7f&#8221; global_colors_info=&#8221;{}&#8221;][\/et_pb_image][et_pb_image src=&#8221;https:\/\/dev.yogaflowzug.ch\/wp-content\/uploads\/2021\/10\/SYV_Yogatherapeut-Schwarz-RGB.svg&#8221; title_text=&#8221;SYV_Yogatherapeut-Schwarz-RGB&#8221; _builder_version=&#8221;4.11.3&#8243; _module_preset=&#8221;7487a572-548e-4174-adf7-090d040aaa7f&#8221; global_colors_info=&#8221;{}&#8221;][\/et_pb_image][et_pb_image src=&#8221;https:\/\/dev.yogaflowzug.ch\/wp-content\/uploads\/2021\/10\/SYV_Mitglied-Schwarz-RGB.svg&#8221; title_text=&#8221;SYV_Mitglied-Schwarz-RGB&#8221; _builder_version=&#8221;4.11.3&#8243; _module_preset=&#8221;7487a572-548e-4174-adf7-090d040aaa7f&#8221; global_colors_info=&#8221;{}&#8221;][\/et_pb_image][et_pb_button button_url=&#8221;@ET-DC@eyJkeW5hbWljIjp0cnVlLCJjb250ZW50IjoicG9zdF9saW5rX3VybF9wYWdlIiwic2V0dGluZ3MiOnsicG9zdF9pZCI6IjMxNDg3In19@&#8221; button_text=&#8221;Read more&#8221; button_alignment=&#8221;left&#8221; button_alignment_last_edited=&#8221;off|desktop&#8221; _builder_version=&#8221;4.11.3&#8243; _dynamic_attributes=&#8221;button_url&#8221; _module_preset=&#8221;default&#8221; position_origin_a=&#8221;bottom_left&#8221; position_origin_r=&#8221;bottom_left&#8221; position_origin_a_last_edited=&#8221;off|desktop&#8221; position_origin_f_last_edited=&#8221;off|desktop&#8221; position_origin_r_last_edited=&#8221;off|desktop&#8221; custom_margin=&#8221;10px||||false|false&#8221; positioning_tablet=&#8221;none&#8221; positioning_last_edited=&#8221;off|desktop&#8221; global_colors_info=&#8221;{}&#8221;][\/et_pb_button][\/et_pb_column][et_pb_column type=&#8221;1_3&#8243; _builder_version=&#8221;4.11.3&#8243; _module_preset=&#8221;9167daa3-b631-4c85-a34b-0e3a665e2429&#8243; global_colors_info=&#8221;{}&#8221;][et_pb_team_member name=&#8221;Chantal Delwing&#8221; position=&#8221;Tuesday Vinyasa Lunch Flow \/ Sub&#8217;s&#8221; image_url=&#8221;https:\/\/dev.yogaflowzug.ch\/wp-content\/uploads\/2021\/09\/chantal_delwing_yogaflowzug_5452.jpg&#8221; _builder_version=&#8221;4.11.3&#8243; _module_preset=&#8221;default&#8221; global_colors_info=&#8221;{}&#8221;]<\/p>\n<p>I began my yoga teacher path in 2011 with a 2-year training with Yoga Vidya (Sivananda) and then immersed myself in Hatha, Vinyasa and Yin Yoga in regular teacher trainings \/ workshops and various yoga classes. The aim of my classes is that every student feels comfortable, listens to his body, consciously pays attention to the rhythm of his breath and hopefully can take this feeling of &#8220;coming home &amp; being home&#8221; with into everyday life.<\/p>\n<p>[\/et_pb_team_member][et_pb_toggle title=&#8221;Read more&#8221; _builder_version=&#8221;4.11.3&#8243; _module_preset=&#8221;default&#8221; positioning=&#8221;none&#8221; position_origin_a=&#8221;bottom_left&#8221; position_origin_r=&#8221;bottom_left&#8221; position_origin_a_last_edited=&#8221;off|desktop&#8221; position_origin_f_last_edited=&#8221;off|desktop&#8221; position_origin_r_last_edited=&#8221;off|desktop&#8221; positioning_tablet=&#8221;none&#8221; positioning_last_edited=&#8221;off|desktop&#8221; global_colors_info=&#8221;{%22gcid-2c31b2b1-aab5-4f44-bd41-7c8637286761%22:%91%22open_toggle_text_color%22,%22title_text_color%22,%22icon_color%22%93}&#8221;]<\/p>\n<p>I am happy to share my yoga path with my students and accompany them on their way. For me yoga is a mental calming pole that can be physically challenging and immediately brightens the soul.<\/p>\n<p>I am happy to experience this treasure with you!<\/p>\n<p>[\/et_pb_toggle][\/et_pb_column][et_pb_column type=&#8221;1_3&#8243; _builder_version=&#8221;4.11.3&#8243; _module_preset=&#8221;default&#8221; global_colors_info=&#8221;{}&#8221;][et_pb_team_member name=&#8221;Nadja Vlach&#8221; position=&#8221;Thursday Vinyasa Flow \/ Sub&#8217;s&#8221; image_url=&#8221;https:\/\/dev.yogaflowzug.ch\/wp-content\/uploads\/2021\/09\/nadja_vlach_yogaflowzug_5715.jpg&#8221; _builder_version=&#8221;4.11.3&#8243; _module_preset=&#8221;default&#8221; global_colors_info=&#8221;{}&#8221;]<\/p>\n<p>Yoga begleitet und fasziniert mich schon seit vielen Jahren. Yoga gibt mir Energie, Freude, Mut und es schenkt mir immer wieder ein Gef\u00fchl von Dankbarkeit und Zufriedenheit. Dieses Gef\u00fchl unterst\u00fctzt mich, sei es in meinem Arbeitsalltag als Musik- und Bewegungsp\u00e4dagogin, in meinem Zuhause oder im Kreis meiner Familie und Freunde. Ich freue mich, mein gelerntes Wissen und meine Erfahrungen zu vertiefen und mit meinem Herzen weiterzugeben und zu teilen.<\/p>\n<p>[\/et_pb_team_member][et_pb_toggle title=&#8221;Read more&#8221; _builder_version=&#8221;4.11.3&#8243; _module_preset=&#8221;default&#8221; positioning=&#8221;none&#8221; position_origin_a=&#8221;bottom_left&#8221; position_origin_r=&#8221;bottom_left&#8221; position_origin_a_last_edited=&#8221;off|desktop&#8221; position_origin_f_last_edited=&#8221;off|desktop&#8221; position_origin_r_last_edited=&#8221;off|desktop&#8221; positioning_tablet=&#8221;none&#8221; positioning_last_edited=&#8221;off|desktop&#8221; global_colors_info=&#8221;{}&#8221;]<\/p>\n<p>Einfach das weiterzugeben, was mir selbst so viel gibt, ist f\u00fcr mich ein Geschenk.<\/p>\n<p>Nadja unterrichtet in Deutsch.<\/p>\n<h4>Studies<\/h4>\n<p>Yogalehrerausbildung\/ Vinyasa Power Akademie Schweiz<br \/>(Yoga-Alliance\u00ae RYT-500h, international anerkannt)<br \/>Yin Yoga Grundausbildung \/ Vinyasa Power Akademie Schweiz<\/p>\n<p>[\/et_pb_toggle][\/et_pb_column][\/et_pb_row][et_pb_row column_structure=&#8221;1_3,1_3,1_3&#8243; _builder_version=&#8221;4.11.3&#8243; _module_preset=&#8221;default&#8221; global_colors_info=&#8221;{}&#8221;][et_pb_column type=&#8221;1_3&#8243; _builder_version=&#8221;4.11.3&#8243; _module_preset=&#8221;default&#8221; global_colors_info=&#8221;{}&#8221;][et_pb_team_member name=&#8221;Gisela Heiligensetzer&#8221; position=&#8221;Friday Hatha Yoga \/ Sub&#8217;s&#8221; image_url=&#8221;https:\/\/dev.yogaflowzug.ch\/wp-content\/uploads\/2021\/09\/gisela_heiligensetzer_yogaflowzug_5737.jpg&#8221; _builder_version=&#8221;4.11.3&#8243; _module_preset=&#8221;default&#8221; global_colors_info=&#8221;{}&#8221;]<\/p>\n<p>Coming from jazz and modern dance, I discovered yoga more than 20 years ago. Since then, yoga has been a great balance to my job in the human resources sector. Here I can find strength, peace and new inspiration in the combination of breath and movement. In 2016 I completed the 250 hour and in 2019 the 300 hour yoga teacher training according to Yoga Alliance Standard, so that I can share my yoga experiences with others from now on.<\/p>\n<p>[\/et_pb_team_member][\/et_pb_column][et_pb_column type=&#8221;1_3&#8243; _builder_version=&#8221;4.11.3&#8243; _module_preset=&#8221;9167daa3-b631-4c85-a34b-0e3a665e2429&#8243; global_colors_info=&#8221;{}&#8221;][et_pb_team_member name=&#8221;Urban Schicker&#8221; position=&#8221;SUBSTITUTES&#8221; image_url=&#8221;https:\/\/dev.yogaflowzug.ch\/wp-content\/uploads\/2021\/09\/urban_schicker_yogaflowzuzg_5520.jpg&#8221; _builder_version=&#8221;4.11.4&#8243; _module_preset=&#8221;default&#8221; global_colors_info=&#8221;{}&#8221;]<\/p>\n<p>In today&#8217;s fast-moving world, yoga gives me an ideal opportunity to balance this. Using and experiencing the body and mind is very important to me, this has also supported my many years of karate study very much. I have been practicing yoga since 2015 and a constant further education and also my own practice is very important to me.<\/p>\n<p>[\/et_pb_team_member][et_pb_toggle title=&#8221;Read more&#8221; _builder_version=&#8221;4.11.4&#8243; _module_preset=&#8221;default&#8221; positioning=&#8221;none&#8221; position_origin_a=&#8221;bottom_left&#8221; position_origin_r=&#8221;bottom_left&#8221; position_origin_a_last_edited=&#8221;off|desktop&#8221; position_origin_f_last_edited=&#8221;off|desktop&#8221; position_origin_r_last_edited=&#8221;off|desktop&#8221; positioning_tablet=&#8221;none&#8221; positioning_last_edited=&#8221;off|desktop&#8221; global_colors_info=&#8221;{%22gcid-2c31b2b1-aab5-4f44-bd41-7c8637286761%22:%91%22open_toggle_text_color%22,%22title_text_color%22,%22icon_color%22%93}&#8221;]<\/p>\n<p>Ich lege sehr viel Aufmerksamkeit auf die korrekte Ausf\u00fchrung der Asanas und aber auch das Pranayama hat f\u00fcr mich einen hohen Stellenwert. Ich freue mich, das gelernte und auch an mir selber angewendete Wissen in den Yogaklassen weiterzugeben.<\/p>\n<h4>Studies<\/h4>\n<p>Yoga-Alliance\u00ae RYT-500h, international anerkannt<\/p>\n<p>[\/et_pb_toggle][\/et_pb_column][et_pb_column type=&#8221;1_3&#8243; _builder_version=&#8221;4.11.3&#8243; _module_preset=&#8221;default&#8221; global_colors_info=&#8221;{}&#8221;][\/et_pb_column][\/et_pb_row][\/et_pb_section]<\/p>\n","protected":false},"excerpt":{"rendered":"<p>Team A lively, colorful team &#8211; we look forward to seeing you! For me, Yoga means to harmonize body, mind and soul. Yoga supports my joy of movement and still lets me pause regularly. Yoga fills me with colour and energy, be it on the mat or in daily life!I began my yoga teacher path [&hellip;]<\/p>\n","protected":false},"author":2,"featured_media":0,"parent":33326,"menu_order":11,"comment_status":"closed","ping_status":"closed","template":"","meta":{"_et_pb_use_builder":"on","_et_pb_old_content":"","_et_gb_content_width":"","_links_to":"","_links_to_target":""},"_links":{"self":[{"href":"https:\/\/dev.yogaflowzug.ch\/en\/wp-json\/wp\/v2\/pages\/33306"}],"collection":[{"href":"https:\/\/dev.yogaflowzug.ch\/en\/wp-json\/wp\/v2\/pages"}],"about":[{"href":"https:\/\/dev.yogaflowzug.ch\/en\/wp-json\/wp\/v2\/types\/page"}],"author":[{"embeddable":true,"href":"https:\/\/dev.yogaflowzug.ch\/en\/wp-json\/wp\/v2\/users\/2"}],"replies":[{"embeddable":true,"href":"https:\/\/dev.yogaflowzug.ch\/en\/wp-json\/wp\/v2\/comments?post=33306"}],"version-history":[{"count":6,"href":"https:\/\/dev.yogaflowzug.ch\/en\/wp-json\/wp\/v2\/pages\/33306\/revisions"}],"predecessor-version":[{"id":33504,"href":"https:\/\/dev.yogaflowzug.ch\/en\/wp-json\/wp\/v2\/pages\/33306\/revisions\/33504"}],"up":[{"embeddable":true,"href":"https:\/\/dev.yogaflowzug.ch\/en\/wp-json\/wp\/v2\/pages\/33326"}],"wp:attachment":[{"href":"https:\/\/dev.yogaflowzug.ch\/en\/wp-json\/wp\/v2\/media?parent=33306"}],"curies":[{"name":"wp","href":"https:\/\/api.w.org\/{rel}","templated":true}]}}